{"id":204,"date":"2025-08-28T12:50:02","date_gmt":"2025-08-28T17:50:02","guid":{"rendered":"https:\/\/smartpol.com.co\/?page_id=204"},"modified":"2026-02-17T23:07:17","modified_gmt":"2026-02-18T04:07:17","slug":"nuestro-equipo","status":"publish","type":"page","link":"https:\/\/smartpol.com.co\/?page_id=204","title":{"rendered":"Nuestro Equipo"},"content":{"rendered":"\n<ul>\n<li><strong>Asesores de Estrategia Pol\u00edtica:<\/strong><\/li>\n\n\n\n<li>Expertos en construcci\u00f3n de mensajes y t\u00e1cticas electorales.<\/li>\n\n\n\n<li><strong>Especialistas en Ciencia de Datos:<\/strong><\/li>\n\n\n\n<li>Profesionales en big data, estad\u00edstica e inteligencia artificial aplicados al an\u00e1lisis electoral.<\/li>\n\n\n\n<li><strong>Consultores en Planeaci\u00f3n Electoral:<\/strong><\/li>\n\n\n\n<li>Dise\u00f1an rutas cr\u00edticas, cronogramas y optimizaci\u00f3n de recursos.<\/li>\n\n\n\n<li><strong>Expertos en Marketing Pol\u00edtico:<\/strong><\/li>\n\n\n\n<li>Manejo de campa\u00f1as digitales, storytelling pol\u00edtico y gesti\u00f3n de imagen.<\/li>\n\n\n\n<li><strong>Soporte T\u00e9cnico y Desarrollo:<\/strong><\/li>\n\n\n\n<li>Equipo encargado de la seguridad, escalabilidad y personalizaci\u00f3n de la plataforma.<\/li>\n<\/ul>\n","protected":false},"excerpt":{"rendered":"","protected":false},"author":1,"featured_media":0,"parent":0,"menu_order":0,"comment_status":"closed","ping_status":"closed","template":"","meta":{"om_disable_all_campaigns":false,"_monsterinsights_skip_tracking":false,"_monsterinsights_sitenote_active":false,"_monsterinsights_sitenote_note":"","_monsterinsights_sitenote_category":0,"footnotes":""},"aioseo_notices":[],"_links":{"self":[{"href":"https:\/\/smartpol.com.co\/index.php?rest_route=\/wp\/v2\/pages\/204"}],"collection":[{"href":"https:\/\/smartpol.com.co\/index.php?rest_route=\/wp\/v2\/pages"}],"about":[{"href":"https:\/\/smartpol.com.co\/index.php?rest_route=\/wp\/v2\/types\/page"}],"author":[{"embeddable":true,"href":"https:\/\/smartpol.com.co\/index.php?rest_route=\/wp\/v2\/users\/1"}],"replies":[{"embeddable":true,"href":"https:\/\/smartpol.com.co\/index.php?rest_route=%2Fwp%2Fv2%2Fcomments&post=204"}],"version-history":[{"count":1,"href":"https:\/\/smartpol.com.co\/index.php?rest_route=\/wp\/v2\/pages\/204\/revisions"}],"predecessor-version":[{"id":205,"href":"https:\/\/smartpol.com.co\/index.php?rest_route=\/wp\/v2\/pages\/204\/revisions\/205"}],"wp:attachment":[{"href":"https:\/\/smartpol.com.co\/index.php?rest_route=%2Fwp%2Fv2%2Fmedia&parent=204"}],"curies":[{"name":"wp","href":"https:\/\/api.w.org\/{rel}","templated":true}]}}