{"id":182,"date":"2025-08-28T12:15:26","date_gmt":"2025-08-28T17:15:26","guid":{"rendered":"https:\/\/smartpol.com.co\/?page_id=182"},"modified":"2026-02-17T23:06:19","modified_gmt":"2026-02-18T04:06:19","slug":"servicios","status":"publish","type":"page","link":"https:\/\/smartpol.com.co\/?page_id=182","title":{"rendered":"Servicios"},"content":{"rendered":"\n<ul>\n<li><strong>Asesor\u00eda en Estrategia Pol\u00edtica<\/strong><\/li>\n\n\n\n<li>Dise\u00f1o y ejecuci\u00f3n de planes de campa\u00f1a adaptados a cada territorio y audiencia.<\/li>\n\n\n\n<li><strong>An\u00e1lisis de Opini\u00f3n P\u00fablica y Ciencia de Datos<\/strong><\/li>\n\n\n\n<li>Encuestas, modelado predictivo y an\u00e1lisis de sentimiento en redes sociales.<\/li>\n\n\n\n<li><strong>Planeaci\u00f3n Electoral<\/strong><\/li>\n\n\n\n<li>Cronogramas de actividades, simulaci\u00f3n de escenarios y optimizaci\u00f3n de recursos.<\/li>\n\n\n\n<li><strong>Marketing Pol\u00edtico y Comunicaci\u00f3n<\/strong><\/li>\n\n\n\n<li>Estrategias digitales, gesti\u00f3n de redes sociales, branding pol\u00edtico y narrativa de campa\u00f1a.<\/li>\n\n\n\n<li><strong>Capacitaci\u00f3n y Formaci\u00f3n de Equipos<\/strong><\/li>\n\n\n\n<li>Talleres para l\u00edderes, equipos de base y voluntarios.<\/li>\n<\/ul>\n\n\n\n<p><\/p>\n\n\n\n<p><\/p>\n","protected":false},"excerpt":{"rendered":"","protected":false},"author":1,"featured_media":0,"parent":0,"menu_order":0,"comment_status":"closed","ping_status":"closed","template":"","meta":{"om_disable_all_campaigns":false,"_monsterinsights_skip_tracking":false,"_monsterinsights_sitenote_active":false,"_monsterinsights_sitenote_note":"","_monsterinsights_sitenote_category":0,"footnotes":""},"aioseo_notices":[],"_links":{"self":[{"href":"https:\/\/smartpol.com.co\/index.php?rest_route=\/wp\/v2\/pages\/182"}],"collection":[{"href":"https:\/\/smartpol.com.co\/index.php?rest_route=\/wp\/v2\/pages"}],"about":[{"href":"https:\/\/smartpol.com.co\/index.php?rest_route=\/wp\/v2\/types\/page"}],"author":[{"embeddable":true,"href":"https:\/\/smartpol.com.co\/index.php?rest_route=\/wp\/v2\/users\/1"}],"replies":[{"embeddable":true,"href":"https:\/\/smartpol.com.co\/index.php?rest_route=%2Fwp%2Fv2%2Fcomments&post=182"}],"version-history":[{"count":4,"href":"https:\/\/smartpol.com.co\/index.php?rest_route=\/wp\/v2\/pages\/182\/revisions"}],"predecessor-version":[{"id":208,"href":"https:\/\/smartpol.com.co\/index.php?rest_route=\/wp\/v2\/pages\/182\/revisions\/208"}],"wp:attachment":[{"href":"https:\/\/smartpol.com.co\/index.php?rest_route=%2Fwp%2Fv2%2Fmedia&parent=182"}],"curies":[{"name":"wp","href":"https:\/\/api.w.org\/{rel}","templated":true}]}}